{"id":265,"date":"2018-02-13T09:49:30","date_gmt":"2018-02-13T09:49:30","guid":{"rendered":"http:\/\/gilles-arnaud-fassetta.org\/?page_id=265"},"modified":"2024-05-22T09:33:16","modified_gmt":"2024-05-22T09:33:16","slug":"address","status":"publish","type":"page","link":"https:\/\/gilles-arnaud-fassetta.org\/?page_id=265","title":{"rendered":"Location &#038; Address"},"content":{"rendered":"\n<p><span style=\"font-size: 18pt;\"><strong>Gilles ARNAUD-FASSETTA<\/strong><\/span><br><span style=\"font-size: 12pt;\">Professor of Geography (Hydrogeomorphology &amp; Geoarchaeology)<\/span><br><span style=\"font-size: 12pt;\">Paris Cit\u00e9 University &#8211; PRODIG Laboratory (UMR 8586)<\/span><\/p>\n\n\n\n<hr class=\"wp-block-separator has-alpha-channel-opacity\"\/>\n\n\n\n<p><span style=\"font-size: 18pt; color: #ffff99;\"><strong>Postal address<\/strong>:<\/span><br>Universit\u00e9 Paris Cit\u00e9<br>UFR G\u00e9ographie, Histoire, \u00c9conomie et Soci\u00e9t\u00e9s<br>Case postale 7001<br>5, rue Thomas Mann<br>F-75205 PARIS Cedex 13<\/p>\n\n\n\n<p><span style=\"font-size: 18pt; color: #ffff99;\"><strong>Geographical location<\/strong>:<\/span><br>Universit\u00e9 Paris Cit\u00e9<br>Paris Rive Gauche (PRG)<br>B\u00e2timent Olympe de Gouges (7<sup>e<\/sup> \u00e9tage, bureau 774)<br>8, rue Albert Einstein<br>75013 Paris<br>Maps available on this website:<br><a href=\"https:\/\/universite.univ-paris-diderot.fr\/structures\/olympe-de-gouges\">https:\/\/u-paris.fr<\/a><\/p>\n\n\n\n<p><span style=\"font-size: 18pt; color: #ffff99;\"><strong>Getting to the University (from Paris)<\/strong>:<\/span><br>Paris-M\u00e9tro line 14 (subway station: \u201cBiblioth\u00e8que F. Mitterand\u201c)<br><a href=\"https:\/\/www.ratp.fr\/\">https:\/\/www.ratp.fr<\/a><\/p>\n","protected":false},"excerpt":{"rendered":"<p>Gilles ARNAUD-FASSETTAProfessor of Geography (Hydrogeomorphology &amp; Geoarchaeology)Paris Cit\u00e9 University &#8211; PRODIG Laboratory (UMR 8586) Postal address:Universit\u00e9 Paris Cit\u00e9UFR G\u00e9ographie, Histoire, \u00c9conomie et Soci\u00e9t\u00e9sCase postale 70015, rue Thomas MannF-75205 PARIS Cedex 13 Geographical location:Universit\u00e9 Paris Cit\u00e9Paris Rive Gauche (PRG)B\u00e2timent Olympe de Gouges (7e \u00e9tage, bureau 774)8, rue Albert Einstein75013 ParisMaps available on this website:https:\/\/u-paris.fr Getting to [&hellip;]<\/p>\n","protected":false},"author":1,"featured_media":0,"parent":0,"menu_order":0,"comment_status":"closed","ping_status":"closed","template":"fullwidth.php","meta":{"footnotes":""},"class_list":["post-265","page","type-page","status-publish","hentry"],"aioseo_notices":[],"jetpack_sharing_enabled":true,"_links":{"self":[{"href":"https:\/\/gilles-arnaud-fassetta.org\/index.php?rest_route=\/wp\/v2\/pages\/265","targetHints":{"allow":["GET"]}}],"collection":[{"href":"https:\/\/gilles-arnaud-fassetta.org\/index.php?rest_route=\/wp\/v2\/pages"}],"about":[{"href":"https:\/\/gilles-arnaud-fassetta.org\/index.php?rest_route=\/wp\/v2\/types\/page"}],"author":[{"embeddable":true,"href":"https:\/\/gilles-arnaud-fassetta.org\/index.php?rest_route=\/wp\/v2\/users\/1"}],"replies":[{"embeddable":true,"href":"https:\/\/gilles-arnaud-fassetta.org\/index.php?rest_route=%2Fwp%2Fv2%2Fcomments&post=265"}],"version-history":[{"count":35,"href":"https:\/\/gilles-arnaud-fassetta.org\/index.php?rest_route=\/wp\/v2\/pages\/265\/revisions"}],"predecessor-version":[{"id":1823,"href":"https:\/\/gilles-arnaud-fassetta.org\/index.php?rest_route=\/wp\/v2\/pages\/265\/revisions\/1823"}],"wp:attachment":[{"href":"https:\/\/gilles-arnaud-fassetta.org\/index.php?rest_route=%2Fwp%2Fv2%2Fmedia&parent=265"}],"curies":[{"name":"wp","href":"https:\/\/api.w.org\/{rel}","templated":true}]}}