{"id":254,"date":"2018-02-13T09:27:31","date_gmt":"2018-02-13T09:27:31","guid":{"rendered":"http:\/\/gilles-arnaud-fassetta.org\/?page_id=254"},"modified":"2026-01-31T03:52:41","modified_gmt":"2026-01-31T03:52:41","slug":"duties-responsabilities","status":"publish","type":"page","link":"https:\/\/gilles-arnaud-fassetta.org\/?page_id=254","title":{"rendered":"Roles &#038; Responsibilities"},"content":{"rendered":"\n<p><span style=\"font-size: 18pt;\"><strong>Gilles ARNAUD-FASSETTA<\/strong><\/span><br><span style=\"font-size: 12pt;\">Professor of Geography (Hydrogeomorphology &amp; Geoarchaeology)<\/span><br><span style=\"font-size: 12pt;\">at Paris Cit\u00e9 University since September 2012<\/span><br><span style=\"font-size: 12pt;\"><a href=\"http:\/\/www.viadeo.com\/p\/0021u7usz4zntu0t\">http:\/\/www.viadeo.com<\/a><\/span><\/p>\n\n\n\n<hr class=\"wp-block-separator has-alpha-channel-opacity\"\/>\n\n\n\n<p><span style=\"font-size: 12pt;\">&#8211; Administrative responsible of <span style=\"font-size: 14pt; color: #ffff99;\"><strong>PRODIG Laboratory<\/strong><\/span> at Paris Cit\u00e9 University <br><a href=\"https:\/\/u-paris.fr\/societes-humanites\/structures-de-recherche\/\">https:\/\/u-paris.fr<\/a><\/span><\/p>\n\n\n\n<p><span style=\"font-size: 12pt;\">&#8211; Head of the <span style=\"font-size: 14pt; color: #ffff99;\"><strong>Master Environmental Dynamics and Risks<\/strong> <\/span>(Dynamique des Milieux et Risques, parcours DYNARISK), Panth\u00e9on-Sorbonne University, Paris Cit\u00e9 University and UPEC<\/span><br><span style=\"font-size: 12pt;\"><a href=\"http:\/\/masteredmr.free.fr\/\">http:\/\/masterDYNARISK.fr<\/a><\/span><\/p>\n\n\n\n<p><span style=\"font-size: 12pt;\">&#8211; Member of the Council of <span style=\"font-size: 14pt; color: #ffff99;\"><strong>UFR GHES<\/strong><\/span> Geography, History, Economy and Societies (Paris Cit\u00e9 University)<br><a href=\"https:\/\/u-paris.fr\/ghes\/\">https:\/\/u-paris.fr<\/a><\/span><\/p>\n\n\n\n<p><span style=\"font-size: 12pt;\">&#8211; Member of the Scientific Council of <span style=\"font-size: 14pt; color: #ffff99;\"><strong>UFR GHES<\/strong> <\/span>Geography, History, Economy and Societies (Paris Cit\u00e9 University)<br><a href=\"https:\/\/u-paris.fr\/ghes\/\">https:\/\/u-paris.fr<\/a><\/span><\/p>\n\n\n\n<p><span style=\"font-size: 12pt;\">&#8211; Member of the Pedagogical Commission of <span style=\"font-size: 14pt; color: #ffff99;\"><strong>UFR GHES<\/strong> <\/span>Geography, History, Economy and Societies (Paris Cit\u00e9 University)<br \/><a href=\"https:\/\/u-paris.fr\/ghes\/\">https:\/\/u-paris.fr<\/a><\/span><\/p>\n\n\n\n<p><span style=\"font-size: 12pt;\">&#8211; Member of the Council of the <span style=\"font-size: 14pt; color: #ffff99;\"><strong>Doctoral School (ED 624)<\/strong><\/span> Societies Sciences (Paris Cit\u00e9 University)<\/span><br><span style=\"font-size: 12pt;\"><a href=\"http:\/\/ed382.ed.univ-paris-diderot.fr\/Presentation\">http:\/\/ED624.fr<\/a><\/span><\/p>\n\n\n\n<p><span style=\"font-size: 12pt;\">&#8211; Member of the <span style=\"font-size: 14pt; color: #ffff99;\"><strong>French Group of Geomorphology (GFG)<\/strong><\/span><\/span><br><span style=\"font-size: 12pt;\"><a href=\"http:\/\/gfg.cnrs.fr\">http:\/\/gfg.fr<\/a><\/span><\/p>\n\n\n\n<p><span style=\"font-size: 12pt;\">&#8211; Member of the <span style=\"color: #ffcc99;\"><span style=\"font-size: 14pt; color: #ffff99;\"><strong>Commission of Continental Hydrosystems&nbsp;<\/strong><\/span><\/span>of the <span style=\"color: #ffcc99;\"><span style=\"font-size: 14pt; color: #ffff99;\"><strong>French National Committee of Geography (CNFG)<\/strong><\/span><\/span><\/span><br><span style=\"font-size: 12pt;\"><a href=\"http:\/\/www.cnfg.fr\/\">http:\/\/www.cnfg.fr<\/a><\/span><\/p>\n\n\n\n<p><span style=\"font-size: 12pt;\">&#8211; Head (with E. Dubos-Paillard) of the work-package <span style=\"font-size: 14pt; color: #ffff99;\"><strong>Environmental et social dynamics of risks<\/strong><\/span> of the <span style=\"font-size: 14pt; color: #ffff99;\"><strong>Cluster of excellence \u00ab\u00a0Territorial and spatial dynamics\u00a0\u00bb (LABEX DYNAMITE)<\/strong><\/span><\/span><br><span style=\"font-size: 12pt;\"><a href=\"http:\/\/labex-dynamite.com\/en\/research\/scientific-focus-areas-and-work-packages\/environmental-and-social-dynamics-of-risks\/\">http:\/\/labex-dynamite.com<\/a><\/span><\/p>\n\n\n\n<p><span style=\"font-size: 12pt;\">&#8211; Head (with A. Garnier and D. Mouralis) of the research area <span style=\"font-size: 14pt; color: #ffff99;\"><strong>Long-term evolution of territories (PAST)<\/strong><\/span> of the&nbsp;<span style=\"font-size: 14pt; color: #ffff99;\"><strong>International College of Territorial Sciences (CIST)<\/strong><\/span><\/span><br><span style=\"font-size: 12pt;\"><a href=\"https:\/\/cist.cnrs.fr\/en\/\">https:\/\/cist.fr<\/a><\/span><\/p>\n\n\n\n<p><span style=\"font-size: 12pt;\">&#8211; Member of the Scientific Council of the journal <span style=\"font-size: 14pt; color: #ffff99;\"><strong>M\u00e9diterran\u00e9e &#8211; Revue g\u00e9ographique des pays m\u00e9diterran\u00e9ens (Journal of Mediterranean geography)<\/strong><\/span><\/span><br><span style=\"font-size: 12pt;\"><a href=\"http:\/\/journals.openedition.org\/mediterranee\/\">http:\/\/journals.openedition.org<\/a><\/span><\/p>\n\n\n","protected":false},"excerpt":{"rendered":"<p>Gilles ARNAUD-FASSETTAProfessor of Geography (Hydrogeomorphology &amp; Geoarchaeology)at Paris Cit\u00e9 University since September 2012http:\/\/www.viadeo.com &#8211; Administrative responsible of PRODIG Laboratory at Paris Cit\u00e9 University https:\/\/u-paris.fr &#8211; Head of the Master Environmental Dynamics and Risks (Dynamique des Milieux et Risques, parcours DYNARISK), Panth\u00e9on-Sorbonne University, Paris Cit\u00e9 University and UPEChttp:\/\/masterDYNARISK.fr &#8211; Member of the Council of UFR GHES [&hellip;]<\/p>\n","protected":false},"author":1,"featured_media":0,"parent":0,"menu_order":0,"comment_status":"closed","ping_status":"closed","template":"fullwidth.php","meta":{"footnotes":""},"class_list":["post-254","page","type-page","status-publish","hentry"],"aioseo_notices":[],"jetpack_sharing_enabled":true,"_links":{"self":[{"href":"https:\/\/gilles-arnaud-fassetta.org\/index.php?rest_route=\/wp\/v2\/pages\/254","targetHints":{"allow":["GET"]}}],"collection":[{"href":"https:\/\/gilles-arnaud-fassetta.org\/index.php?rest_route=\/wp\/v2\/pages"}],"about":[{"href":"https:\/\/gilles-arnaud-fassetta.org\/index.php?rest_route=\/wp\/v2\/types\/page"}],"author":[{"embeddable":true,"href":"https:\/\/gilles-arnaud-fassetta.org\/index.php?rest_route=\/wp\/v2\/users\/1"}],"replies":[{"embeddable":true,"href":"https:\/\/gilles-arnaud-fassetta.org\/index.php?rest_route=%2Fwp%2Fv2%2Fcomments&post=254"}],"version-history":[{"count":82,"href":"https:\/\/gilles-arnaud-fassetta.org\/index.php?rest_route=\/wp\/v2\/pages\/254\/revisions"}],"predecessor-version":[{"id":2014,"href":"https:\/\/gilles-arnaud-fassetta.org\/index.php?rest_route=\/wp\/v2\/pages\/254\/revisions\/2014"}],"wp:attachment":[{"href":"https:\/\/gilles-arnaud-fassetta.org\/index.php?rest_route=%2Fwp%2Fv2%2Fmedia&parent=254"}],"curies":[{"name":"wp","href":"https:\/\/api.w.org\/{rel}","templated":true}]}}